{"id":75,"date":"2026-01-05T16:01:22","date_gmt":"2026-01-05T15:01:22","guid":{"rendered":"https:\/\/artcoiffure-malakoff.fr\/?page_id=75"},"modified":"2026-01-05T16:23:13","modified_gmt":"2026-01-05T15:23:13","slug":"mentions-legales","status":"publish","type":"page","link":"https:\/\/artcoiffure-malakoff.fr\/index.php\/mentions-legales\/","title":{"rendered":"Mentions l\u00e9gales"},"content":{"rendered":"\n<p><strong>Nom : <\/strong>Art Coiffure<\/p>\n\n\n\n<p><strong>Addresse :<\/strong> 80 Boulevard Colonel Fabien, 92240 Malakoff<\/p>\n\n\n\n<p><strong>Num\u00e9ro de Siret :<\/strong> 41059627400010<\/p>\n\n\n\n<p><strong>Num\u00e9ro de TVA :<\/strong> FR78353429707<\/p>\n\n\n\n<p>Site cr\u00e9e avec <a href=\"https:\/\/wordpress.org\/\">WordPress<\/a> et l&rsquo;utilisation du plugin <a href=\"https:\/\/wordpress.org\/plugins\/ameliabooking\/\" data-type=\"link\" data-id=\"https:\/\/wordpress.org\/plugins\/ameliabooking\/\">Amelia<\/a>.<\/p>\n\n\n\n<p><\/p>\n","protected":false},"excerpt":{"rendered":"<p>Nom : Art Coiffure Addresse : 80 Boulevard Colonel Fabien, 92240 Malakoff Num\u00e9ro de Siret : 41059627400010 Num\u00e9ro de TVA : FR78353429707 Site cr\u00e9e avec WordPress et l&rsquo;utilisation du plugin Amelia.<\/p>\n","protected":false},"author":1,"featured_media":0,"parent":0,"menu_order":0,"comment_status":"closed","ping_status":"closed","template":"","meta":{"footnotes":""},"class_list":["post-75","page","type-page","status-publish","hentry"],"_links":{"self":[{"href":"https:\/\/artcoiffure-malakoff.fr\/index.php\/wp-json\/wp\/v2\/pages\/75","targetHints":{"allow":["GET"]}}],"collection":[{"href":"https:\/\/artcoiffure-malakoff.fr\/index.php\/wp-json\/wp\/v2\/pages"}],"about":[{"href":"https:\/\/artcoiffure-malakoff.fr\/index.php\/wp-json\/wp\/v2\/types\/page"}],"author":[{"embeddable":true,"href":"https:\/\/artcoiffure-malakoff.fr\/index.php\/wp-json\/wp\/v2\/users\/1"}],"replies":[{"embeddable":true,"href":"https:\/\/artcoiffure-malakoff.fr\/index.php\/wp-json\/wp\/v2\/comments?post=75"}],"version-history":[{"count":2,"href":"https:\/\/artcoiffure-malakoff.fr\/index.php\/wp-json\/wp\/v2\/pages\/75\/revisions"}],"predecessor-version":[{"id":82,"href":"https:\/\/artcoiffure-malakoff.fr\/index.php\/wp-json\/wp\/v2\/pages\/75\/revisions\/82"}],"wp:attachment":[{"href":"https:\/\/artcoiffure-malakoff.fr\/index.php\/wp-json\/wp\/v2\/media?parent=75"}],"curies":[{"name":"wp","href":"https:\/\/api.w.org\/{rel}","templated":true}]}}