{"id":32,"date":"2026-01-03T16:36:05","date_gmt":"2026-01-03T15:36:05","guid":{"rendered":"https:\/\/artcoiffure-malakoff.fr\/?page_id=32"},"modified":"2026-01-29T13:08:23","modified_gmt":"2026-01-29T12:08:23","slug":"a-propos","status":"publish","type":"page","link":"https:\/\/artcoiffure-malakoff.fr\/index.php\/a-propos\/","title":{"rendered":"\u00c0 propos"},"content":{"rendered":"\n<div class=\"alignnormal\"><div id=\"metaslider-id-44\" style=\"width: 100%;\" class=\"ml-slider-3-106-0 metaslider metaslider-flex metaslider-44 ml-slider has-onhover-arrows has-dots-onhover-navigation ms-theme-default-base\" role=\"region\" aria-label=\"A propos\" data-height=\"400\" data-width=\"700\">\n    <div id=\"metaslider_container_44\">\n        <div id=\"metaslider_44\">\n            <ul aria-live='off' class='slides'>\n                <li style=\"display: block; width: 100%;\" class=\"slide-46 ms-image \" aria-roledescription=\"slide\" data-date=\"2026-01-03 17:07:58\" data-filename=\"hnggdmrh4h0bw82eokw6-600x342.webp\" data-slide-type=\"image\"><img loading=\"lazy\" decoding=\"async\" src=\"https:\/\/artcoiffure-malakoff.fr\/wp-content\/uploads\/2026\/01\/hnggdmrh4h0bw82eokw6-600x342.webp\" height=\"400\" width=\"700\" alt=\"\" class=\"slider-44 slide-46 msDefaultImage\" title=\"hnggdmrh4h0bw82eokw6\" \/><\/li>\n                <li style=\"display: none; width: 100%;\" class=\"slide-47 ms-image \" aria-roledescription=\"slide\" data-date=\"2026-01-03 17:08:03\" data-filename=\"dwsehhmhkceydw2xrfgc-600x342.webp\" data-slide-type=\"image\"><img loading=\"lazy\" decoding=\"async\" src=\"https:\/\/artcoiffure-malakoff.fr\/wp-content\/uploads\/2026\/01\/dwsehhmhkceydw2xrfgc-600x342.webp\" height=\"400\" width=\"700\" alt=\"\" class=\"slider-44 slide-47 msDefaultImage\" title=\"dwsehhmhkceydw2xrfgc\" \/><\/li>\n            <\/ul>\n        <\/div>\n        \n    <\/div>\n<\/div><\/div>\n\n\n\n<div class=\"wp-block-group is-nowrap is-layout-flex wp-container-core-group-is-layout-f66f9956 wp-block-group-is-layout-flex\">\n<div class=\"wp-block-group is-vertical is-layout-flex wp-container-core-group-is-layout-fe9cc265 wp-block-group-is-layout-flex\">\n<p>Au c\u0153ur de Malakoff, d\u00e9couvrez l&rsquo;univers de Fatima, coiffeuse experte, qui exerce son talent \u00e0 Art Coiffure.<\/p>\n\n\n\n<p>Pourquoi choisir mon salon ?<br>\u2714\ufe0f Une ambiance familiale et d\u00e9tendue<br>\u2714\ufe0f Une expertise reconnue depuis 1994<br>\u2714\ufe0f Des conseils personnalis\u00e9s pour tous les types de cheveux<br>\u2714\ufe0f Une relation de confiance et de proximit\u00e9 avec ma client\u00e8le. A l&rsquo;\u00e9coute des nouvelles tendances.<\/p>\n\n\n\n<p>Salon de coiffure mixte ouvert depuis 1994, je vous accueille dans une ambiance chaleureuse pour sublimer vos cheveux.<br>Coupes, colorations, m\u00e8ches, brushing, soins, coiffures de c\u00e9r\u00e9monie, rasage et taille de barbe : je propose un service personnalis\u00e9 pour femmes, hommes et enfants.<br>Mon exp\u00e9rience, mon \u00e9coute et ma passion font la diff\u00e9rence.<br>Produits de qualit\u00e9, conseils adapt\u00e9s et fid\u00e9lit\u00e9 \u00e0 ma client\u00e8le depuis plus de 30 ans.<\/p>\n\n\n\n<p>Venez comme vous \u00eates, repartez comme vous aimez !<\/p>\n<\/div>\n\n\n\n<figure class=\"wp-block-image size-large\"><img loading=\"lazy\" decoding=\"async\" width=\"768\" height=\"1024\" src=\"http:\/\/artcoiffure-malakoff.fr\/wp-content\/uploads\/2026\/01\/photo-a-propos-768x1024.jpg\" alt=\"\" class=\"wp-image-94\" srcset=\"https:\/\/artcoiffure-malakoff.fr\/wp-content\/uploads\/2026\/01\/photo-a-propos-768x1023.jpg 768w, https:\/\/artcoiffure-malakoff.fr\/wp-content\/uploads\/2026\/01\/photo-a-propos-225x300.jpg 225w, https:\/\/artcoiffure-malakoff.fr\/wp-content\/uploads\/2026\/01\/photo-a-propos-1153x1536.jpg 1153w, https:\/\/artcoiffure-malakoff.fr\/wp-content\/uploads\/2026\/01\/photo-a-propos.jpg 1200w\" sizes=\"auto, (max-width: 768px) 100vw, 768px\" \/><\/figure>\n<\/div>\n\n\n\n<p><\/p>\n","protected":false},"excerpt":{"rendered":"<p>Au c\u0153ur de Malakoff, d\u00e9couvrez l&rsquo;univers de Fatima, coiffeuse experte, qui exerce son talent \u00e0 Art Coiffure. Pourquoi choisir mon salon ?\u2714\ufe0f Une ambiance familiale et d\u00e9tendue\u2714\ufe0f Une expertise reconnue depuis 1994\u2714\ufe0f Des conseils personnalis\u00e9s pour tous les types de cheveux\u2714\ufe0f Une relation de confiance et de proximit\u00e9 avec ma client\u00e8le. A l&rsquo;\u00e9coute des nouvelles [&hellip;]<\/p>\n","protected":false},"author":1,"featured_media":0,"parent":0,"menu_order":0,"comment_status":"closed","ping_status":"closed","template":"","meta":{"footnotes":""},"class_list":["post-32","page","type-page","status-publish","hentry"],"_links":{"self":[{"href":"https:\/\/artcoiffure-malakoff.fr\/index.php\/wp-json\/wp\/v2\/pages\/32","targetHints":{"allow":["GET"]}}],"collection":[{"href":"https:\/\/artcoiffure-malakoff.fr\/index.php\/wp-json\/wp\/v2\/pages"}],"about":[{"href":"https:\/\/artcoiffure-malakoff.fr\/index.php\/wp-json\/wp\/v2\/types\/page"}],"author":[{"embeddable":true,"href":"https:\/\/artcoiffure-malakoff.fr\/index.php\/wp-json\/wp\/v2\/users\/1"}],"replies":[{"embeddable":true,"href":"https:\/\/artcoiffure-malakoff.fr\/index.php\/wp-json\/wp\/v2\/comments?post=32"}],"version-history":[{"count":6,"href":"https:\/\/artcoiffure-malakoff.fr\/index.php\/wp-json\/wp\/v2\/pages\/32\/revisions"}],"predecessor-version":[{"id":98,"href":"https:\/\/artcoiffure-malakoff.fr\/index.php\/wp-json\/wp\/v2\/pages\/32\/revisions\/98"}],"wp:attachment":[{"href":"https:\/\/artcoiffure-malakoff.fr\/index.php\/wp-json\/wp\/v2\/media?parent=32"}],"curies":[{"name":"wp","href":"https:\/\/api.w.org\/{rel}","templated":true}]}}