{"id":26,"date":"2025-12-29T20:09:12","date_gmt":"2025-12-29T19:09:12","guid":{"rendered":"https:\/\/artcoiffure-malakoff.fr\/?page_id=26"},"modified":"2025-12-29T20:09:12","modified_gmt":"2025-12-29T19:09:12","slug":"horaires","status":"publish","type":"page","link":"https:\/\/artcoiffure-malakoff.fr\/index.php\/horaires\/","title":{"rendered":"Horaires"},"content":{"rendered":"\n<figure class=\"wp-block-table is-style-stripes\"><table class=\"has-fixed-layout\" style=\"border-style:none;border-width:0px\"><tbody><tr><td class=\"has-text-align-left\" data-align=\"left\">Lundi<\/td><td class=\"has-text-align-right\" data-align=\"right\">Ferm\u00e9<\/td><\/tr><tr><td class=\"has-text-align-left\" data-align=\"left\">Mardi<\/td><td class=\"has-text-align-right\" data-align=\"right\">09:00 &#8211; 12:00<br>14:00 &#8211; 18:30<\/td><\/tr><tr><td class=\"has-text-align-left\" data-align=\"left\">Mercredi<\/td><td class=\"has-text-align-right\" data-align=\"right\">Ferm\u00e9<\/td><\/tr><tr><td class=\"has-text-align-left\" data-align=\"left\">Jeudi<\/td><td class=\"has-text-align-right\" data-align=\"right\">09:00 &#8211; 12:00<br>14:00 &#8211; 18:30<\/td><\/tr><tr><td class=\"has-text-align-left\" data-align=\"left\">Vendredi<\/td><td class=\"has-text-align-right\" data-align=\"right\">10:30 &#8211; 20:30<\/td><\/tr><tr><td class=\"has-text-align-left\" data-align=\"left\">Samedi<\/td><td class=\"has-text-align-right\" data-align=\"right\">09:00 &#8211; 18:30<\/td><\/tr><tr><td class=\"has-text-align-left\" data-align=\"left\">Dimanche<\/td><td class=\"has-text-align-right\" data-align=\"right\">Ferm\u00e9<\/td><\/tr><\/tbody><\/table><\/figure>\n\n\n\n<p><\/p>\n","protected":false},"excerpt":{"rendered":"<p>Lundi Ferm\u00e9 Mardi 09:00 &#8211; 12:0014:00 &#8211; 18:30 Mercredi Ferm\u00e9 Jeudi 09:00 &#8211; 12:0014:00 &#8211; 18:30 Vendredi 10:30 &#8211; 20:30 Samedi 09:00 &#8211; 18:30 Dimanche Ferm\u00e9<\/p>\n","protected":false},"author":1,"featured_media":0,"parent":0,"menu_order":0,"comment_status":"closed","ping_status":"closed","template":"","meta":{"footnotes":""},"class_list":["post-26","page","type-page","status-publish","hentry"],"_links":{"self":[{"href":"https:\/\/artcoiffure-malakoff.fr\/index.php\/wp-json\/wp\/v2\/pages\/26","targetHints":{"allow":["GET"]}}],"collection":[{"href":"https:\/\/artcoiffure-malakoff.fr\/index.php\/wp-json\/wp\/v2\/pages"}],"about":[{"href":"https:\/\/artcoiffure-malakoff.fr\/index.php\/wp-json\/wp\/v2\/types\/page"}],"author":[{"embeddable":true,"href":"https:\/\/artcoiffure-malakoff.fr\/index.php\/wp-json\/wp\/v2\/users\/1"}],"replies":[{"embeddable":true,"href":"https:\/\/artcoiffure-malakoff.fr\/index.php\/wp-json\/wp\/v2\/comments?post=26"}],"version-history":[{"count":1,"href":"https:\/\/artcoiffure-malakoff.fr\/index.php\/wp-json\/wp\/v2\/pages\/26\/revisions"}],"predecessor-version":[{"id":27,"href":"https:\/\/artcoiffure-malakoff.fr\/index.php\/wp-json\/wp\/v2\/pages\/26\/revisions\/27"}],"wp:attachment":[{"href":"https:\/\/artcoiffure-malakoff.fr\/index.php\/wp-json\/wp\/v2\/media?parent=26"}],"curies":[{"name":"wp","href":"https:\/\/api.w.org\/{rel}","templated":true}]}}