{"id":17,"date":"2025-12-18T14:35:33","date_gmt":"2025-12-18T13:35:33","guid":{"rendered":"https:\/\/artcoiffure-malakoff.fr\/?page_id=17"},"modified":"2026-03-12T14:44:36","modified_gmt":"2026-03-12T13:44:36","slug":"reserver","status":"publish","type":"page","link":"https:\/\/artcoiffure-malakoff.fr\/index.php\/reserver\/","title":{"rendered":"R\u00e9server"},"content":{"rendered":"\n<details class=\"wp-block-details is-layout-flow wp-block-details-is-layout-flow\"><summary>Quelle longueurs choisir ?<\/summary>\n<p>Cheveux court = type carr\u00e9 ou au-dessus des \u00e9paules.<\/p>\n\n\n\n<p>Cheveux mi-long = au niveau des \u00e9paules.<\/p>\n\n\n\n<p>Cheveux long = sous les \u00e9paules.<\/p>\n<\/details>\n\n\n\n<div class=\"wp-block-amelia-step-booking-gutenberg-block\">\n<script>\n  if (typeof hasAmeliaEntitiesApiCall === 'undefined' && ('' === '' && '' !== '1')) {\n    var hasAmeliaEntitiesApiCall = true;\n  }\n  var ameliaShortcodeData = (typeof ameliaShortcodeData === 'undefined') ? [] : ameliaShortcodeData;\n  ameliaShortcodeData.push(\n    {\n      'hasApiCall': (typeof hasAmeliaEntitiesApiCall !== 'undefined') && hasAmeliaEntitiesApiCall,\n      'trigger': '',\n      'trigger_type': '',\n      'triggered_form': 'sbsNew',\n      'in_dialog': '',\n      'show': '',\n      'counter': '1000',\n      'category': '3,4,5,6,7,8,9,10',\n      'service': '',\n      'employee': '',\n      'location': '',\n      'package': '',\n      'layout': '1',\n    }\n  );\n\n  var ameliaShortcodeDataTriggered = (typeof ameliaShortcodeDataTriggered === 'undefined') ? [] : ameliaShortcodeDataTriggered;\n  if (ameliaShortcodeData[ameliaShortcodeData.length - 1].trigger !== '') {\n    if (ameliaShortcodeDataTriggered.filter(a => a.counter === ameliaShortcodeData[ameliaShortcodeData.length - 1].counter).length === 0) {\n      ameliaShortcodeDataTriggered.push(ameliaShortcodeData.pop());\n    } else {\n      ameliaShortcodeData.pop()\n    }\n  }\n  if (typeof hasAmeliaEntitiesApiCall !== 'undefined' && hasAmeliaEntitiesApiCall) {\n    hasAmeliaEntitiesApiCall = false;\n  }\n<\/script>\n\n<div\n  id=\"amelia-v2-booking-1000\"\n  class=\"amelia-v2-booking\"\n >\n    <step-form-wrapper><\/step-form-wrapper><\/div>\n<\/div>\n\n\n\n<details class=\"wp-block-details is-layout-flow wp-block-details-is-layout-flow\"><summary>LISSAGES &amp; D\u00c9FRISAGES &#8211; FEMME<\/summary>\n<details class=\"wp-block-details is-layout-flow wp-block-details-is-layout-flow\"><summary>Lissage Br\u00e9silien &#8211; Court<\/summary>\n<p>Dur\u00e9e : 3h<\/p>\n\n\n\n<p>Prix : 170 \u20ac<\/p>\n\n\n\n<p>Cette prestation ne peut pas \u00eatre r\u00e9serv\u00e9e en ligne. Merci d&rsquo;appeler le 01 41 46 90 28.<\/p>\n<\/details>\n\n\n\n<div class=\"wp-block-group is-nowrap is-layout-flex wp-container-core-group-is-layout-6c531013 wp-block-group-is-layout-flex\">\n<details class=\"wp-block-details is-layout-flow wp-block-details-is-layout-flow\"><summary>Lissage Br\u00e9silien &#8211; Long<\/summary>\n<p>Dur\u00e9e : 5h<\/p>\n\n\n\n<p>Prix : 285 \u20ac<\/p>\n\n\n\n<p>Cette prestation ne peut pas \u00eatre r\u00e9serv\u00e9e en ligne. Merci d&rsquo;appeler le 01 41 46 90 28.<\/p>\n<\/details>\n<\/div>\n<\/details>\n\n\n\n<details class=\"wp-block-details is-layout-flow wp-block-details-is-layout-flow\"><summary>\u00c9V\u00c8NEMENTIELS<\/summary>\n<details class=\"wp-block-details is-layout-flow wp-block-details-is-layout-flow\"><summary>Chignon Simple<\/summary>\n<p>Dur\u00e9e : 30 min<\/p>\n\n\n\n<p>Prix : Sur Devis, merci d&rsquo;appeler le 01 41 46 90 28.<\/p>\n<\/details>\n\n\n\n<div class=\"wp-block-group is-nowrap is-layout-flex wp-container-core-group-is-layout-6c531013 wp-block-group-is-layout-flex\">\n<details class=\"wp-block-details is-layout-flow wp-block-details-is-layout-flow\"><summary>Mariage (essai + jour j) cheveux mi long<\/summary>\n<p>Dur\u00e9e : 1h 30min<\/p>\n\n\n\n<p>Prix : 125 \u20ac<\/p>\n\n\n\n<p>Cette prestation ne peut pas \u00eatre r\u00e9serv\u00e9e en ligne. Merci d&rsquo;appeler le 01 41 46 90 28.<\/p>\n<\/details>\n<\/div>\n<\/details>\n","protected":false},"excerpt":{"rendered":"","protected":false},"author":1,"featured_media":0,"parent":0,"menu_order":0,"comment_status":"closed","ping_status":"closed","template":"","meta":{"footnotes":""},"class_list":["post-17","page","type-page","status-publish","hentry"],"_links":{"self":[{"href":"https:\/\/artcoiffure-malakoff.fr\/index.php\/wp-json\/wp\/v2\/pages\/17","targetHints":{"allow":["GET"]}}],"collection":[{"href":"https:\/\/artcoiffure-malakoff.fr\/index.php\/wp-json\/wp\/v2\/pages"}],"about":[{"href":"https:\/\/artcoiffure-malakoff.fr\/index.php\/wp-json\/wp\/v2\/types\/page"}],"author":[{"embeddable":true,"href":"https:\/\/artcoiffure-malakoff.fr\/index.php\/wp-json\/wp\/v2\/users\/1"}],"replies":[{"embeddable":true,"href":"https:\/\/artcoiffure-malakoff.fr\/index.php\/wp-json\/wp\/v2\/comments?post=17"}],"version-history":[{"count":8,"href":"https:\/\/artcoiffure-malakoff.fr\/index.php\/wp-json\/wp\/v2\/pages\/17\/revisions"}],"predecessor-version":[{"id":103,"href":"https:\/\/artcoiffure-malakoff.fr\/index.php\/wp-json\/wp\/v2\/pages\/17\/revisions\/103"}],"wp:attachment":[{"href":"https:\/\/artcoiffure-malakoff.fr\/index.php\/wp-json\/wp\/v2\/media?parent=17"}],"curies":[{"name":"wp","href":"https:\/\/api.w.org\/{rel}","templated":true}]}}